{"id":108,"date":"2020-08-16T14:57:17","date_gmt":"2020-08-16T12:57:17","guid":{"rendered":"http:\/\/wp.celine-gerny.fr\/?page_id=108"},"modified":"2022-01-23T23:23:11","modified_gmt":"2022-01-23T22:23:11","slug":"mon-palmares","status":"publish","type":"page","link":"http:\/\/wp.celine-gerny.fr\/?page_id=108","title":{"rendered":"Mon palmar\u00e8s"},"content":{"rendered":"\n<p class=\"has-text-align-center\"><strong>2021<\/strong><\/p>\n\n\n\n<ul><li><strong>Championnats de France (Saint-Lo) &#8211; Belle de Jour*IFCE<\/strong><ul><li>1\u00e8re de l&rsquo;individual test avec 68.030%<\/li><li>1\u00e8re du team test avec 71.226%<\/li><li>1\u00e8re du freestyle avec 73.611%<\/li><\/ul><\/li><\/ul>\n\n\n\n<p><strong>Championne de France 2021<\/strong><\/p>\n\n\n\n<p><\/p>\n\n\n\n<ul><li><strong>Jeux Paralympiques de Tokyo (JAP) &#8211; Rhapsodie*IFCE <\/strong><ul><li>6\u00e8me par \u00e9quipe  <\/li><\/ul><\/li><\/ul>\n\n\n\n<ul><li><strong>CPEDI 3* de Waregem (BEL) &#8211; Rhapsodie*IFCE<\/strong><ul><li>4\u00e8me du team test avec 70.758%<\/li><li>3\u00e8me de l&rsquo;individual test avec 70.748%<\/li><li>4\u00e8me du freestyle avec 71.167%<\/li><\/ul><\/li><\/ul>\n\n\n\n<p><strong>5\u00e8me par \u00e9quipe<\/strong><\/p>\n\n\n\n<p>Mon palmar\u00e8s par ann\u00e9e :<\/p>\n\n\n\n<ul><li><a href=\"http:\/\/wp.celine-gerny.fr\/?page_id=240\"><strong>2019<\/strong><\/a><\/li><li><strong><a href=\"http:\/\/wp.celine-gerny.fr\/?page_id=242\">2018<\/a><\/strong><\/li><li><strong><a href=\"http:\/\/wp.celine-gerny.fr\/?page_id=257\">2017<\/a><\/strong><\/li><li><strong><a href=\"http:\/\/wp.celine-gerny.fr\/?page_id=255\">2016<\/a><\/strong><\/li><li><strong><a href=\"http:\/\/wp.celine-gerny.fr\/?page_id=253\">2015<\/a><\/strong><\/li><li><strong><a href=\"http:\/\/wp.celine-gerny.fr\/?page_id=251\">2014<\/a><\/strong><\/li><li><strong><a href=\"http:\/\/wp.celine-gerny.fr\/?page_id=249\">2012<\/a><\/strong><\/li><li><strong><a href=\"http:\/\/wp.celine-gerny.fr\/?page_id=246\">2011<\/a><\/strong><\/li><li><strong><a href=\"http:\/\/wp.celine-gerny.fr\/?page_id=244\">2010<\/a><\/strong><\/li><\/ul>\n\n\n<p><!--EndFragment--><\/p>","protected":false},"excerpt":{"rendered":"<p>2021 Championnats de France (Saint-Lo) &#8211; Belle de Jour*IFCE 1\u00e8re de l&rsquo;individual test avec 68.030% 1\u00e8re du team test avec 71.226% 1\u00e8re du freestyle avec 73.611% Championne de France 2021 Jeux Paralympiques de Tokyo (JAP) &#8211; Rhapsodie*IFCE 6\u00e8me par \u00e9quipe CPEDI 3* de Waregem (BEL) &#8211; Rhapsodie*IFCE 4\u00e8me du team test avec 70.758% 3\u00e8me de &hellip; <\/p>\n<p class=\"link-more\"><a href=\"http:\/\/wp.celine-gerny.fr\/?page_id=108\" class=\"more-link\">Continuer la lecture<span class=\"screen-reader-text\"> de &laquo;&nbsp;Mon palmar\u00e8s&nbsp;&raquo;<\/span><\/a><\/p>\n","protected":false},"author":2,"featured_media":0,"parent":102,"menu_order":0,"comment_status":"closed","ping_status":"closed","template":"","meta":[],"_links":{"self":[{"href":"http:\/\/wp.celine-gerny.fr\/index.php?rest_route=\/wp\/v2\/pages\/108"}],"collection":[{"href":"http:\/\/wp.celine-gerny.fr\/index.php?rest_route=\/wp\/v2\/pages"}],"about":[{"href":"http:\/\/wp.celine-gerny.fr\/index.php?rest_route=\/wp\/v2\/types\/page"}],"author":[{"embeddable":true,"href":"http:\/\/wp.celine-gerny.fr\/index.php?rest_route=\/wp\/v2\/users\/2"}],"replies":[{"embeddable":true,"href":"http:\/\/wp.celine-gerny.fr\/index.php?rest_route=%2Fwp%2Fv2%2Fcomments&post=108"}],"version-history":[{"count":6,"href":"http:\/\/wp.celine-gerny.fr\/index.php?rest_route=\/wp\/v2\/pages\/108\/revisions"}],"predecessor-version":[{"id":517,"href":"http:\/\/wp.celine-gerny.fr\/index.php?rest_route=\/wp\/v2\/pages\/108\/revisions\/517"}],"up":[{"embeddable":true,"href":"http:\/\/wp.celine-gerny.fr\/index.php?rest_route=\/wp\/v2\/pages\/102"}],"wp:attachment":[{"href":"http:\/\/wp.celine-gerny.fr\/index.php?rest_route=%2Fwp%2Fv2%2Fmedia&parent=108"}],"curies":[{"name":"wp","href":"https:\/\/api.w.org\/{rel}","templated":true}]}}