{"id":112,"date":"2020-08-16T14:58:04","date_gmt":"2020-08-16T12:58:04","guid":{"rendered":"http:\/\/wp.celine-gerny.fr\/?page_id=112"},"modified":"2020-09-20T19:19:39","modified_gmt":"2020-09-20T17:19:39","slug":"mes-partenaires","status":"publish","type":"page","link":"http:\/\/wp.celine-gerny.fr\/?page_id=112","title":{"rendered":"Mes partenaires"},"content":{"rendered":"\n<p>La carri\u00e8re de sportive de haut niveau ne serait rien sans de pr\u00e9cieux soutiens. Partenaires de longue date ou qui ont rejoint mon aventure plus r\u00e9cemment, tous contribuent \u00e0 mon \u00e9volution et je les en remercie sinc\u00e8rement.<\/p>\n\n\n\n<h2 class=\"wp-block-heading\">Retour en images sur la soir\u00e9e des partenaires 2020<\/h2>\n\n\n\n<p>Parce que ces soutiens sont avant tout de belles rencontres, j&rsquo;ai tenu \u00e0 organiser le 5 mars 2020 une soir\u00e9e d\u00e9di\u00e9e \u00e0 mes partenaires.  \u00c0 cette occasion j&rsquo;ai eu l&rsquo;honneur de recevoir la m\u00e9daille du m\u00e9rite f\u00e9d\u00e9ral handisport remise par M. Jean-Pierre Garnier, Pr\u00e9sident du Comit\u00e9 d\u00e9partemental handisport des Ardennes.<br>Merci \u00e0 tous ceux qui me soutiennent au quotidien dans mes projets sportifs actuels et \u00e0 venir.\u00a0 <\/p>\n\n\n\n<figure class=\"wp-block-gallery columns-3 is-cropped wp-block-gallery-1 is-layout-flex\"><ul class=\"blocks-gallery-grid\"><li class=\"blocks-gallery-item\"><figure><img decoding=\"async\" loading=\"lazy\" width=\"1024\" height=\"498\" src=\"http:\/\/wp.celine-gerny.fr\/wp-content\/uploads\/2020\/09\/89498839_646833052745798_7978195420708864000_o-1024x498.jpg\" alt=\"\" data-id=\"353\" data-full-url=\"http:\/\/wp.celine-gerny.fr\/wp-content\/uploads\/2020\/09\/89498839_646833052745798_7978195420708864000_o.jpg\" data-link=\"http:\/\/wp.celine-gerny.fr\/?attachment_id=353\" class=\"wp-image-353\" srcset=\"http:\/\/wp.celine-gerny.fr\/wp-content\/uploads\/2020\/09\/89498839_646833052745798_7978195420708864000_o-1024x498.jpg 1024w, http:\/\/wp.celine-gerny.fr\/wp-content\/uploads\/2020\/09\/89498839_646833052745798_7978195420708864000_o-300x146.jpg 300w, http:\/\/wp.celine-gerny.fr\/wp-content\/uploads\/2020\/09\/89498839_646833052745798_7978195420708864000_o-768x373.jpg 768w, http:\/\/wp.celine-gerny.fr\/wp-content\/uploads\/2020\/09\/89498839_646833052745798_7978195420708864000_o.jpg 1316w\" sizes=\"(max-width: 767px) 89vw, (max-width: 1000px) 54vw, (max-width: 1071px) 543px, 580px\" \/><\/figure><\/li><li class=\"blocks-gallery-item\"><figure><img decoding=\"async\" loading=\"lazy\" width=\"1024\" height=\"498\" src=\"http:\/\/wp.celine-gerny.fr\/wp-content\/uploads\/2020\/09\/87567670_646832862745817_8463051182082883584_o-1024x498.jpg\" alt=\"\" data-id=\"354\" data-full-url=\"http:\/\/wp.celine-gerny.fr\/wp-content\/uploads\/2020\/09\/87567670_646832862745817_8463051182082883584_o.jpg\" data-link=\"http:\/\/wp.celine-gerny.fr\/?attachment_id=354\" class=\"wp-image-354\" srcset=\"http:\/\/wp.celine-gerny.fr\/wp-content\/uploads\/2020\/09\/87567670_646832862745817_8463051182082883584_o-1024x498.jpg 1024w, http:\/\/wp.celine-gerny.fr\/wp-content\/uploads\/2020\/09\/87567670_646832862745817_8463051182082883584_o-300x146.jpg 300w, http:\/\/wp.celine-gerny.fr\/wp-content\/uploads\/2020\/09\/87567670_646832862745817_8463051182082883584_o-768x373.jpg 768w, http:\/\/wp.celine-gerny.fr\/wp-content\/uploads\/2020\/09\/87567670_646832862745817_8463051182082883584_o.jpg 1316w\" sizes=\"(max-width: 767px) 89vw, (max-width: 1000px) 54vw, (max-width: 1071px) 543px, 580px\" \/><\/figure><\/li><li class=\"blocks-gallery-item\"><figure><img decoding=\"async\" loading=\"lazy\" width=\"960\" height=\"467\" src=\"http:\/\/wp.celine-gerny.fr\/wp-content\/uploads\/2020\/09\/88311009_646829066079530_5631645780910538752_o.jpg\" alt=\"\" data-id=\"355\" data-full-url=\"http:\/\/wp.celine-gerny.fr\/wp-content\/uploads\/2020\/09\/88311009_646829066079530_5631645780910538752_o.jpg\" data-link=\"http:\/\/wp.celine-gerny.fr\/?attachment_id=355\" class=\"wp-image-355\" srcset=\"http:\/\/wp.celine-gerny.fr\/wp-content\/uploads\/2020\/09\/88311009_646829066079530_5631645780910538752_o.jpg 960w, http:\/\/wp.celine-gerny.fr\/wp-content\/uploads\/2020\/09\/88311009_646829066079530_5631645780910538752_o-300x146.jpg 300w, http:\/\/wp.celine-gerny.fr\/wp-content\/uploads\/2020\/09\/88311009_646829066079530_5631645780910538752_o-768x374.jpg 768w\" sizes=\"(max-width: 767px) 89vw, (max-width: 1000px) 54vw, (max-width: 1071px) 543px, 580px\" \/><\/figure><\/li><\/ul><\/figure>\n","protected":false},"excerpt":{"rendered":"<p>La carri\u00e8re de sportive de haut niveau ne serait rien sans de pr\u00e9cieux soutiens. Partenaires de longue date ou qui ont rejoint mon aventure plus r\u00e9cemment, tous contribuent \u00e0 mon \u00e9volution et je les en remercie sinc\u00e8rement. Retour en images sur la soir\u00e9e des partenaires 2020 Parce que ces soutiens sont avant tout de belles &hellip; <\/p>\n<p class=\"link-more\"><a href=\"http:\/\/wp.celine-gerny.fr\/?page_id=112\" class=\"more-link\">Continuer la lecture<span class=\"screen-reader-text\"> de &laquo;&nbsp;Mes partenaires&nbsp;&raquo;<\/span><\/a><\/p>\n","protected":false},"author":2,"featured_media":0,"parent":0,"menu_order":0,"comment_status":"closed","ping_status":"closed","template":"","meta":[],"_links":{"self":[{"href":"http:\/\/wp.celine-gerny.fr\/index.php?rest_route=\/wp\/v2\/pages\/112"}],"collection":[{"href":"http:\/\/wp.celine-gerny.fr\/index.php?rest_route=\/wp\/v2\/pages"}],"about":[{"href":"http:\/\/wp.celine-gerny.fr\/index.php?rest_route=\/wp\/v2\/types\/page"}],"author":[{"embeddable":true,"href":"http:\/\/wp.celine-gerny.fr\/index.php?rest_route=\/wp\/v2\/users\/2"}],"replies":[{"embeddable":true,"href":"http:\/\/wp.celine-gerny.fr\/index.php?rest_route=%2Fwp%2Fv2%2Fcomments&post=112"}],"version-history":[{"count":3,"href":"http:\/\/wp.celine-gerny.fr\/index.php?rest_route=\/wp\/v2\/pages\/112\/revisions"}],"predecessor-version":[{"id":356,"href":"http:\/\/wp.celine-gerny.fr\/index.php?rest_route=\/wp\/v2\/pages\/112\/revisions\/356"}],"wp:attachment":[{"href":"http:\/\/wp.celine-gerny.fr\/index.php?rest_route=%2Fwp%2Fv2%2Fmedia&parent=112"}],"curies":[{"name":"wp","href":"https:\/\/api.w.org\/{rel}","templated":true}]}}