{"id":253,"date":"2020-08-31T22:43:29","date_gmt":"2020-08-31T20:43:29","guid":{"rendered":"http:\/\/wp.celine-gerny.fr\/?page_id=253"},"modified":"2020-08-31T22:43:29","modified_gmt":"2020-08-31T20:43:29","slug":"palmares-2015","status":"publish","type":"page","link":"http:\/\/wp.celine-gerny.fr\/?page_id=253","title":{"rendered":"Palmar\u00e8s 2015"},"content":{"rendered":"\n<p><em><strong>Concours international*** de Deauville avec Flint.<\/strong><br><\/em><br>&#8211; 7 \u00e8me sur la reprise impos\u00e9e \u00ab\u00a0warm up\u00a0\u00bb avec 65,120%.<br>&#8211; 4 \u00e8me sur la reprise impos\u00e9e \u00ab\u00a0individual championship\u00a0\u00bb avec 67,379%.<br>&#8211; 5\u00e8me sur le reprise libre en musique avec 63,850%.<\/p>\n\n\n\n<p><em><strong>Championnat de France \u00e0 Jardy avec Flint<\/strong><br><\/em><br>&#8211; 1\u00e8re sur la reprise impos\u00e9e \u00ab pr\u00e9liminaire \u00bb avec 69%.<br>&#8211; 1\u00e8re sur la reprise impos\u00e9e \u00ab grand prix \u00bb avec 70,977%.<br>&#8211; 1\u00e8re sur le reprise libre en musique avec 68,750%.<\/p>\n\n\n\n<p><strong>Championne de France 2015<\/strong><\/p>\n\n\n\n<p><em>Concours international*** de Mulhouse avec Flint.<br><\/em><br>&#8211; 1 \u00e8me sur la reprise impos\u00e9e \u00ab&nbsp;warm up&nbsp;\u00bb avec 70,800%- 1 \u00e8me sur la reprise impos\u00e9e \u00ab&nbsp;individual championship&nbsp;\u00bb avec 70,276%- 3 \u00e8me sur le reprise libre en musique avec 70,160%<\/p>\n\n\n\n<p><em>Concours international*** de Uberhern avec Flint.<br><\/em><br>&#8211; 8 \u00e8me sur la reprise impos\u00e9e \u00ab&nbsp;warm up&nbsp;\u00bb avec 64,667%- 5 \u00e8me sur la reprise impos\u00e9e \u00ab&nbsp;individual championship&nbsp;\u00bb avec 68,391%- 5 \u00e8me sur le reprise libre en musique avec 68%<\/p>\n\n\n\n<p><em><strong>Championnat d&rsquo;Europe de Deauville avec Flint.<\/strong><br><\/em><br>&#8211; 5 \u00e8me sur la reprise impos\u00e9e \u00ab&nbsp;warm up&nbsp;\u00bb avec 69,360%.<br>&#8211; 6 \u00e8me sur la reprise impos\u00e9e \u00ab&nbsp;individual championship&nbsp;\u00bb avec 68,483%.<br>&#8211; 7\u00e8me sur le reprise libre en musique avec 64,450%.<\/p>\n\n\n\n<p><em>Concours international*** de Slapton avec Flint.<br><\/em><br>&#8211; 5 \u00e8me sur la reprise impos\u00e9e \u00ab&nbsp;warm up&nbsp;\u00bb avec 68,333%- 5 \u00e8me sur la reprise impos\u00e9e \u00ab&nbsp;individual championship&nbsp;\u00bb avec 66,667%- 5 \u00e8me sur le reprise libre en musique avec 61,083%\n\n<\/p>\n","protected":false},"excerpt":{"rendered":"<p>Concours international*** de Deauville avec Flint.&#8211; 7 \u00e8me sur la reprise impos\u00e9e \u00ab\u00a0warm up\u00a0\u00bb avec 65,120%.&#8211; 4 \u00e8me sur la reprise impos\u00e9e \u00ab\u00a0individual championship\u00a0\u00bb avec 67,379%.&#8211; 5\u00e8me sur le reprise libre en musique avec 63,850%. Championnat de France \u00e0 Jardy avec Flint&#8211; 1\u00e8re sur la reprise impos\u00e9e \u00ab pr\u00e9liminaire \u00bb avec 69%.&#8211; 1\u00e8re sur la &hellip; <\/p>\n<p class=\"link-more\"><a href=\"http:\/\/wp.celine-gerny.fr\/?page_id=253\" class=\"more-link\">Continuer la lecture<span class=\"screen-reader-text\"> de &laquo;&nbsp;Palmar\u00e8s 2015&nbsp;&raquo;<\/span><\/a><\/p>\n","protected":false},"author":2,"featured_media":0,"parent":0,"menu_order":0,"comment_status":"closed","ping_status":"closed","template":"","meta":[],"_links":{"self":[{"href":"http:\/\/wp.celine-gerny.fr\/index.php?rest_route=\/wp\/v2\/pages\/253"}],"collection":[{"href":"http:\/\/wp.celine-gerny.fr\/index.php?rest_route=\/wp\/v2\/pages"}],"about":[{"href":"http:\/\/wp.celine-gerny.fr\/index.php?rest_route=\/wp\/v2\/types\/page"}],"author":[{"embeddable":true,"href":"http:\/\/wp.celine-gerny.fr\/index.php?rest_route=\/wp\/v2\/users\/2"}],"replies":[{"embeddable":true,"href":"http:\/\/wp.celine-gerny.fr\/index.php?rest_route=%2Fwp%2Fv2%2Fcomments&post=253"}],"version-history":[{"count":1,"href":"http:\/\/wp.celine-gerny.fr\/index.php?rest_route=\/wp\/v2\/pages\/253\/revisions"}],"predecessor-version":[{"id":254,"href":"http:\/\/wp.celine-gerny.fr\/index.php?rest_route=\/wp\/v2\/pages\/253\/revisions\/254"}],"wp:attachment":[{"href":"http:\/\/wp.celine-gerny.fr\/index.php?rest_route=%2Fwp%2Fv2%2Fmedia&parent=253"}],"curies":[{"name":"wp","href":"https:\/\/api.w.org\/{rel}","templated":true}]}}