{"id":98,"date":"2020-08-16T14:55:43","date_gmt":"2020-08-16T12:55:43","guid":{"rendered":"http:\/\/wp.celine-gerny.fr\/?page_id=98"},"modified":"2020-09-27T21:55:03","modified_gmt":"2020-09-27T19:55:03","slug":"ils-mont-accompagnee","status":"publish","type":"page","link":"http:\/\/wp.celine-gerny.fr\/?page_id=98","title":{"rendered":"Ils m&rsquo;ont accompagn\u00e9e"},"content":{"rendered":"\n<p>Ils font partie int\u00e9grante de mon parcours de cavali\u00e8re. Mise en lumi\u00e8re de mes anciens partenaires.<\/p>\n\n\n\n<p class=\"has-small-font-size\"><em>(Cliquez sur le nom pour ouvrir la fiche de chaque cheval)<\/em><\/p>\n\n\n\n<figure class=\"wp-block-gallery aligncenter columns-4 is-cropped wp-block-gallery-1 is-layout-flex\"><ul class=\"blocks-gallery-grid\"><li class=\"blocks-gallery-item\"><figure><img decoding=\"async\" loading=\"lazy\" width=\"240\" height=\"355\" src=\"http:\/\/wp.celine-gerny.fr\/wp-content\/uploads\/2020\/08\/tete-flint.png\" alt=\"\" data-id=\"176\" data-link=\"http:\/\/wp.celine-gerny.fr\/?attachment_id=176\" class=\"wp-image-176\" srcset=\"http:\/\/wp.celine-gerny.fr\/wp-content\/uploads\/2020\/08\/tete-flint.png 240w, http:\/\/wp.celine-gerny.fr\/wp-content\/uploads\/2020\/08\/tete-flint-203x300.png 203w\" sizes=\"(max-width: 240px) 100vw, 240px\" \/><figcaption class=\"blocks-gallery-item__caption\"><a href=\"http:\/\/wp.celine-gerny.fr\/?page_id=184\">Flint<\/a><\/figcaption><\/figure><\/li><li class=\"blocks-gallery-item\"><figure><img decoding=\"async\" loading=\"lazy\" width=\"212\" height=\"375\" src=\"http:\/\/wp.celine-gerny.fr\/wp-content\/uploads\/2020\/08\/jeudidavril-mili.jpg\" alt=\"\" data-id=\"177\" data-link=\"http:\/\/wp.celine-gerny.fr\/?attachment_id=177\" class=\"wp-image-177\" srcset=\"http:\/\/wp.celine-gerny.fr\/wp-content\/uploads\/2020\/08\/jeudidavril-mili.jpg 212w, http:\/\/wp.celine-gerny.fr\/wp-content\/uploads\/2020\/08\/jeudidavril-mili-170x300.jpg 170w\" sizes=\"(max-width: 212px) 100vw, 212px\" \/><figcaption class=\"blocks-gallery-item__caption\"><a href=\"http:\/\/wp.celine-gerny.fr\/?page_id=220\">Jeudi d&rsquo;Avril*Mili<\/a><\/figcaption><\/figure><\/li><li class=\"blocks-gallery-item\"><figure><img decoding=\"async\" loading=\"lazy\" width=\"235\" height=\"291\" src=\"http:\/\/wp.celine-gerny.fr\/wp-content\/uploads\/2020\/08\/Bo.jpg\" alt=\"\" data-id=\"178\" data-link=\"http:\/\/wp.celine-gerny.fr\/?attachment_id=178\" class=\"wp-image-178\"\/><figcaption class=\"blocks-gallery-item__caption\"><a href=\"http:\/\/wp.celine-gerny.fr\/?page_id=216\">Bo VB<\/a><\/figcaption><\/figure><\/li><li class=\"blocks-gallery-item\"><figure><img decoding=\"async\" loading=\"lazy\" width=\"145\" height=\"240\" src=\"http:\/\/wp.celine-gerny.fr\/wp-content\/uploads\/2020\/08\/Apollos.jpg\" alt=\"\" data-id=\"179\" data-link=\"http:\/\/wp.celine-gerny.fr\/?attachment_id=179\" class=\"wp-image-179\"\/><figcaption class=\"blocks-gallery-item__caption\"><a href=\"http:\/\/wp.celine-gerny.fr\/?page_id=212\">Apollos d&rsquo;Avan\u00e7on<\/a><\/figcaption><\/figure><\/li><li class=\"blocks-gallery-item\"><figure><img decoding=\"async\" loading=\"lazy\" width=\"336\" height=\"337\" src=\"http:\/\/wp.celine-gerny.fr\/wp-content\/uploads\/2020\/08\/Landi.png\" alt=\"\" data-id=\"180\" data-link=\"http:\/\/wp.celine-gerny.fr\/?attachment_id=180\" class=\"wp-image-180\" srcset=\"http:\/\/wp.celine-gerny.fr\/wp-content\/uploads\/2020\/08\/Landi.png 336w, http:\/\/wp.celine-gerny.fr\/wp-content\/uploads\/2020\/08\/Landi-300x300.png 300w, http:\/\/wp.celine-gerny.fr\/wp-content\/uploads\/2020\/08\/Landi-150x150.png 150w, http:\/\/wp.celine-gerny.fr\/wp-content\/uploads\/2020\/08\/Landi-100x100.png 100w\" sizes=\"(max-width: 336px) 100vw, 336px\" \/><figcaption class=\"blocks-gallery-item__caption\"><a href=\"http:\/\/wp.celine-gerny.fr\/?page_id=209\">Landiro<\/a><\/figcaption><\/figure><\/li><li class=\"blocks-gallery-item\"><figure><img decoding=\"async\" loading=\"lazy\" width=\"355\" height=\"299\" src=\"http:\/\/wp.celine-gerny.fr\/wp-content\/uploads\/2020\/08\/Illico.jpg\" alt=\"\" data-id=\"181\" data-link=\"http:\/\/wp.celine-gerny.fr\/?attachment_id=181\" class=\"wp-image-181\" srcset=\"http:\/\/wp.celine-gerny.fr\/wp-content\/uploads\/2020\/08\/Illico.jpg 355w, http:\/\/wp.celine-gerny.fr\/wp-content\/uploads\/2020\/08\/Illico-300x253.jpg 300w\" sizes=\"(max-width: 355px) 100vw, 355px\" \/><figcaption class=\"blocks-gallery-item__caption\"><a href=\"http:\/\/wp.celine-gerny.fr\/?page_id=206\">Ilico du Clotobie<\/a><\/figcaption><\/figure><\/li><li class=\"blocks-gallery-item\"><figure><img decoding=\"async\" loading=\"lazy\" width=\"305\" height=\"230\" src=\"http:\/\/wp.celine-gerny.fr\/wp-content\/uploads\/2020\/09\/27848975_10213503827123937_1603833769_n-2.jpg\" alt=\"\" data-id=\"376\" data-full-url=\"http:\/\/wp.celine-gerny.fr\/wp-content\/uploads\/2020\/09\/27848975_10213503827123937_1603833769_n-2.jpg\" data-link=\"http:\/\/wp.celine-gerny.fr\/?attachment_id=376\" class=\"wp-image-376\" srcset=\"http:\/\/wp.celine-gerny.fr\/wp-content\/uploads\/2020\/09\/27848975_10213503827123937_1603833769_n-2.jpg 305w, http:\/\/wp.celine-gerny.fr\/wp-content\/uploads\/2020\/09\/27848975_10213503827123937_1603833769_n-2-300x226.jpg 300w\" sizes=\"(max-width: 305px) 100vw, 305px\" \/><figcaption class=\"blocks-gallery-item__caption\"><a href=\"http:\/\/wp.celine-gerny.fr\/?page_id=199\">Quattro d&rsquo;Or\u00e9al<\/a><\/figcaption><\/figure><\/li><\/ul><\/figure>\n","protected":false},"excerpt":{"rendered":"<p>Ils font partie int\u00e9grante de mon parcours de cavali\u00e8re. Mise en lumi\u00e8re de mes anciens partenaires. (Cliquez sur le nom pour ouvrir la fiche de chaque cheval)<\/p>\n","protected":false},"author":2,"featured_media":0,"parent":92,"menu_order":0,"comment_status":"closed","ping_status":"closed","template":"","meta":[],"_links":{"self":[{"href":"http:\/\/wp.celine-gerny.fr\/index.php?rest_route=\/wp\/v2\/pages\/98"}],"collection":[{"href":"http:\/\/wp.celine-gerny.fr\/index.php?rest_route=\/wp\/v2\/pages"}],"about":[{"href":"http:\/\/wp.celine-gerny.fr\/index.php?rest_route=\/wp\/v2\/types\/page"}],"author":[{"embeddable":true,"href":"http:\/\/wp.celine-gerny.fr\/index.php?rest_route=\/wp\/v2\/users\/2"}],"replies":[{"embeddable":true,"href":"http:\/\/wp.celine-gerny.fr\/index.php?rest_route=%2Fwp%2Fv2%2Fcomments&post=98"}],"version-history":[{"count":8,"href":"http:\/\/wp.celine-gerny.fr\/index.php?rest_route=\/wp\/v2\/pages\/98\/revisions"}],"predecessor-version":[{"id":377,"href":"http:\/\/wp.celine-gerny.fr\/index.php?rest_route=\/wp\/v2\/pages\/98\/revisions\/377"}],"up":[{"embeddable":true,"href":"http:\/\/wp.celine-gerny.fr\/index.php?rest_route=\/wp\/v2\/pages\/92"}],"wp:attachment":[{"href":"http:\/\/wp.celine-gerny.fr\/index.php?rest_route=%2Fwp%2Fv2%2Fmedia&parent=98"}],"curies":[{"name":"wp","href":"https:\/\/api.w.org\/{rel}","templated":true}]}}